{"id":7143,"date":"2021-09-16T18:39:28","date_gmt":"2021-09-16T18:39:28","guid":{"rendered":"https:\/\/jimmy.jelkaperusac.com\/?post_type=product&#038;p=7143"},"modified":"2021-11-08T21:05:31","modified_gmt":"2021-11-08T21:05:31","slug":"musico-con-zampona-y-bombo","status":"publish","type":"product","link":"https:\/\/kanikuperu.com\/es\/productos\/musico-con-zampona-y-bombo\/","title":{"rendered":"MUSICO CON ZAMPO\u00d1A Y BOMBO"},"content":{"rendered":"<p>Sosteniendo un Tambor . Un hombre toca fascinadamente melod\u00edas de su amada sierra andina. Lleva un sombrero y traje colorido. Esta pieza tallada en madera y te\u00f1ida con pigmentos son ensambladas como rompecabezas lista para una elegante decoraci\u00f3n.<\/p>\n<p>&#8211; Peso 309 g<br \/>\n&#8211; Alto 21 cm x ancho 12 cm x profundidad 3.5 cm<br \/>\n&#8211; Madera<br \/>\n&#8211; Articulo hecho a mano<br \/>\n&#8211; Hecho en Per\u00fa<\/p>\n","protected":false},"excerpt":{"rendered":"<p>Sosteniendo un Tambor . Un hombre toca fascinadamente melod\u00edas de su amada sierra andina. Lleva un sombrero y traje colorido.<\/p>\n","protected":false},"featured_media":7239,"template":"","meta":[],"product_cat":[53],"product_tag":[],"_links":{"self":[{"href":"https:\/\/kanikuperu.com\/es\/wp-json\/wp\/v2\/product\/7143"}],"collection":[{"href":"https:\/\/kanikuperu.com\/es\/wp-json\/wp\/v2\/product"}],"about":[{"href":"https:\/\/kanikuperu.com\/es\/wp-json\/wp\/v2\/types\/product"}],"wp:featuredmedia":[{"embeddable":true,"href":"https:\/\/kanikuperu.com\/es\/wp-json\/wp\/v2\/media\/7239"}],"wp:attachment":[{"href":"https:\/\/kanikuperu.com\/es\/wp-json\/wp\/v2\/media?parent=7143"}],"wp:term":[{"taxonomy":"product_cat","embeddable":true,"href":"https:\/\/kanikuperu.com\/es\/wp-json\/wp\/v2\/product_cat?post=7143"},{"taxonomy":"product_tag","embeddable":true,"href":"https:\/\/kanikuperu.com\/es\/wp-json\/wp\/v2\/product_tag?post=7143"}],"curies":[{"name":"wp","href":"https:\/\/api.w.org\/{rel}","templated":true}]}}