{"id":7142,"date":"2021-09-16T18:35:39","date_gmt":"2021-09-16T18:35:39","guid":{"rendered":"https:\/\/jimmy.jelkaperusac.com\/?post_type=product&#038;p=7142"},"modified":"2021-11-08T21:04:25","modified_gmt":"2021-11-08T21:04:25","slug":"madre-cholita-y-ovejita","status":"publish","type":"product","link":"https:\/\/kanikuperu.com\/es\/productos\/madre-cholita-y-ovejita\/","title":{"rendered":"MADRE CHOLITA Y OVEJITA"},"content":{"rendered":"<p>Cargando a un Beb\u00e9 en la espalda y sujetando una peque\u00f1a Oveja . Una pastora andina es representada por una extraordinaria escultura peruana. .Esta escultura est\u00e1 conformada por peque\u00f1as piezas talladas, pintadas en tonos naturales y ensambladas como un rompecabezas.<\/p>\n<p>&#8211; Peso 310<br \/>\n&#8211; Alto 20.5cm x ancho 11 cm x 3.5 de profundidad<br \/>\n&#8211; Madera<br \/>\n&#8211; Articulo hecho a mano<br \/>\n&#8211; Hecho en Per\u00fa<br \/>\n\u00ab<\/p>\n","protected":false},"excerpt":{"rendered":"<p>Cargando a un Beb\u00e9 en la espalda y sujetando una peque\u00f1a Oveja . Una pastora andina es representada por una<\/p>\n","protected":false},"featured_media":7237,"template":"","meta":[],"product_cat":[53],"product_tag":[],"_links":{"self":[{"href":"https:\/\/kanikuperu.com\/es\/wp-json\/wp\/v2\/product\/7142"}],"collection":[{"href":"https:\/\/kanikuperu.com\/es\/wp-json\/wp\/v2\/product"}],"about":[{"href":"https:\/\/kanikuperu.com\/es\/wp-json\/wp\/v2\/types\/product"}],"wp:featuredmedia":[{"embeddable":true,"href":"https:\/\/kanikuperu.com\/es\/wp-json\/wp\/v2\/media\/7237"}],"wp:attachment":[{"href":"https:\/\/kanikuperu.com\/es\/wp-json\/wp\/v2\/media?parent=7142"}],"wp:term":[{"taxonomy":"product_cat","embeddable":true,"href":"https:\/\/kanikuperu.com\/es\/wp-json\/wp\/v2\/product_cat?post=7142"},{"taxonomy":"product_tag","embeddable":true,"href":"https:\/\/kanikuperu.com\/es\/wp-json\/wp\/v2\/product_tag?post=7142"}],"curies":[{"name":"wp","href":"https:\/\/api.w.org\/{rel}","templated":true}]}}