{"id":7140,"date":"2021-09-16T18:30:00","date_gmt":"2021-09-16T18:30:00","guid":{"rendered":"https:\/\/jimmy.jelkaperusac.com\/?post_type=product&#038;p=7140"},"modified":"2021-11-08T21:03:31","modified_gmt":"2021-11-08T21:03:31","slug":"pastora-de-alpacas","status":"publish","type":"product","link":"https:\/\/kanikuperu.com\/es\/productos\/pastora-de-alpacas\/","title":{"rendered":"PASTORA DE ALPACAS"},"content":{"rendered":"<p>Sosteniendo de forma cuidadosa a su Beb\u00e9 y a una peque\u00f1a alpaca en sus brazos. Una pastora andina es representada por una extraordinaria escultura peruana. Esta escultura est\u00e1 conformada por peque\u00f1as piezas talladas, pintadas en tonos coloridos y ensambladas como un rompecabezas.<\/p>\n<p>&#8211; Peso 150 g<br \/>\n&#8211; Alto 15 cm x ancho 12 cm x 2.6 cm de profundidad<br \/>\n&#8211; Madera<br \/>\n&#8211; Articulo hecho a mano<br \/>\n&#8211; Hecho en Per\u00fa<\/p>\n","protected":false},"excerpt":{"rendered":"<p>Sosteniendo de forma cuidadosa a su Beb\u00e9 y a una peque\u00f1a alpaca en sus brazos. Una pastora andina es representada<\/p>\n","protected":false},"featured_media":7231,"template":"","meta":[],"product_cat":[53],"product_tag":[],"_links":{"self":[{"href":"https:\/\/kanikuperu.com\/es\/wp-json\/wp\/v2\/product\/7140"}],"collection":[{"href":"https:\/\/kanikuperu.com\/es\/wp-json\/wp\/v2\/product"}],"about":[{"href":"https:\/\/kanikuperu.com\/es\/wp-json\/wp\/v2\/types\/product"}],"wp:featuredmedia":[{"embeddable":true,"href":"https:\/\/kanikuperu.com\/es\/wp-json\/wp\/v2\/media\/7231"}],"wp:attachment":[{"href":"https:\/\/kanikuperu.com\/es\/wp-json\/wp\/v2\/media?parent=7140"}],"wp:term":[{"taxonomy":"product_cat","embeddable":true,"href":"https:\/\/kanikuperu.com\/es\/wp-json\/wp\/v2\/product_cat?post=7140"},{"taxonomy":"product_tag","embeddable":true,"href":"https:\/\/kanikuperu.com\/es\/wp-json\/wp\/v2\/product_tag?post=7140"}],"curies":[{"name":"wp","href":"https:\/\/api.w.org\/{rel}","templated":true}]}}